{"id":90,"date":"2022-07-27T19:56:42","date_gmt":"2022-07-27T19:56:42","guid":{"rendered":"https:\/\/mieszkaniestudenckie.info.pl\/?page_id=90"},"modified":"2022-11-25T09:42:16","modified_gmt":"2022-11-25T09:42:16","slug":"kontakt-1","status":"publish","type":"page","link":"https:\/\/mieszkaniestudenckie.info.pl\/?page_id=90","title":{"rendered":"KONTAKT"},"content":{"rendered":"\n<p class=\"has-medium-font-size\"><strong>Zapraszamy do kontaktu!<\/strong><\/p>\n\n\n\n<p class=\"has-medium-font-size\"><strong>REZERWACJE<\/strong><br>telefon odbiera recepcja Hotelu Villa Masoneria, <br>prosz\u0119 m\u00f3wi\u0107 \u017ce w sprawie pokoi studenckich<br><br><strong>tel. 505 373 603<\/strong><br>e-mail: tramwajowa11.info@gmail.com<\/p>\n\n\n\n<p><\/p>\n","protected":false},"excerpt":{"rendered":"<p>Zapraszamy do kontaktu! REZERWACJEtelefon odbiera recepcja Hotelu Villa Masoneria, prosz\u0119 m\u00f3wi\u0107 \u017ce w sprawie pokoi studenckich tel. 505 373 603e-mail: tramwajowa11.info@gmail.com<\/p>\n","protected":false},"author":1,"featured_media":262,"parent":0,"menu_order":0,"comment_status":"closed","ping_status":"closed","template":"","meta":{"footnotes":""},"yoast_head":"<!-- This site is optimized with the Yoast SEO plugin v22.6 - https:\/\/yoast.com\/wordpress\/plugins\/seo\/ -->\n<title>KONTAKT - AKADEMIK W CENTRUM \u0141ODZI! POKOJE DLA STUDENT&Oacute;W<\/title>\n<meta name=\"robots\" content=\"index, follow, max-snippet:-1, max-image-preview:large, max-video-preview:-1\" \/>\n<link rel=\"canonical\" href=\"https:\/\/mieszkaniestudenckie.info.pl\/?page_id=90\" \/>\n<meta property=\"og:locale\" content=\"pl_PL\" \/>\n<meta property=\"og:type\" content=\"article\" \/>\n<meta property=\"og:title\" content=\"KONTAKT - AKADEMIK W CENTRUM \u0141ODZI! POKOJE DLA STUDENT&Oacute;W\" \/>\n<meta property=\"og:description\" content=\"Zapraszamy do kontaktu! REZERWACJEtelefon odbiera recepcja Hotelu Villa Masoneria, prosz\u0119 m\u00f3wi\u0107 \u017ce w sprawie pokoi studenckich tel. 505 373 603e-mail: tramwajowa11.info@gmail.com\" \/>\n<meta property=\"og:url\" content=\"https:\/\/mieszkaniestudenckie.info.pl\/?page_id=90\" \/>\n<meta property=\"og:site_name\" content=\"AKADEMIK W CENTRUM \u0141ODZI! POKOJE DLA STUDENT&Oacute;W\" \/>\n<meta property=\"article:modified_time\" content=\"2022-11-25T09:42:16+00:00\" \/>\n<meta property=\"og:image\" content=\"https:\/\/mieszkaniestudenckie.info.pl\/wp-content\/uploads\/2022\/09\/KAWALERKA-W-CENTRUM-LODZI-BLISKO-DWORCA-LODZ-FABRYCZNA.jpg\" \/>\n\t<meta property=\"og:image:width\" content=\"2000\" \/>\n\t<meta property=\"og:image:height\" content=\"1333\" \/>\n\t<meta property=\"og:image:type\" content=\"image\/jpeg\" \/>\n<meta name=\"twitter:card\" content=\"summary_large_image\" \/>\n<meta name=\"twitter:label1\" content=\"Szacowany czas czytania\" \/>\n\t<meta name=\"twitter:data1\" content=\"1 minuta\" \/>\n<script type=\"application\/ld+json\" class=\"yoast-schema-graph\">{\"@context\":\"https:\/\/schema.org\",\"@graph\":[{\"@type\":\"WebPage\",\"@id\":\"https:\/\/mieszkaniestudenckie.info.pl\/?page_id=90\",\"url\":\"https:\/\/mieszkaniestudenckie.info.pl\/?page_id=90\",\"name\":\"KONTAKT - AKADEMIK W CENTRUM \u0141ODZI! POKOJE DLA STUDENT&Oacute;W\",\"isPartOf\":{\"@id\":\"https:\/\/mieszkaniestudenckie.info.pl\/#website\"},\"primaryImageOfPage\":{\"@id\":\"https:\/\/mieszkaniestudenckie.info.pl\/?page_id=90#primaryimage\"},\"image\":{\"@id\":\"https:\/\/mieszkaniestudenckie.info.pl\/?page_id=90#primaryimage\"},\"thumbnailUrl\":\"https:\/\/mieszkaniestudenckie.info.pl\/wp-content\/uploads\/2022\/09\/KAWALERKA-W-CENTRUM-LODZI-BLISKO-DWORCA-LODZ-FABRYCZNA.jpg\",\"datePublished\":\"2022-07-27T19:56:42+00:00\",\"dateModified\":\"2022-11-25T09:42:16+00:00\",\"breadcrumb\":{\"@id\":\"https:\/\/mieszkaniestudenckie.info.pl\/?page_id=90#breadcrumb\"},\"inLanguage\":\"pl-PL\",\"potentialAction\":[{\"@type\":\"ReadAction\",\"target\":[\"https:\/\/mieszkaniestudenckie.info.pl\/?page_id=90\"]}]},{\"@type\":\"ImageObject\",\"inLanguage\":\"pl-PL\",\"@id\":\"https:\/\/mieszkaniestudenckie.info.pl\/?page_id=90#primaryimage\",\"url\":\"https:\/\/mieszkaniestudenckie.info.pl\/wp-content\/uploads\/2022\/09\/KAWALERKA-W-CENTRUM-LODZI-BLISKO-DWORCA-LODZ-FABRYCZNA.jpg\",\"contentUrl\":\"https:\/\/mieszkaniestudenckie.info.pl\/wp-content\/uploads\/2022\/09\/KAWALERKA-W-CENTRUM-LODZI-BLISKO-DWORCA-LODZ-FABRYCZNA.jpg\",\"width\":2000,\"height\":1333},{\"@type\":\"BreadcrumbList\",\"@id\":\"https:\/\/mieszkaniestudenckie.info.pl\/?page_id=90#breadcrumb\",\"itemListElement\":[{\"@type\":\"ListItem\",\"position\":1,\"name\":\"Strona g\u0142\u00f3wna\",\"item\":\"https:\/\/mieszkaniestudenckie.info.pl\/\"},{\"@type\":\"ListItem\",\"position\":2,\"name\":\"KONTAKT\"}]},{\"@type\":\"WebSite\",\"@id\":\"https:\/\/mieszkaniestudenckie.info.pl\/#website\",\"url\":\"https:\/\/mieszkaniestudenckie.info.pl\/\",\"name\":\"AKADEMIK W CENTRUM \u0141ODZI! POKOJE DLA STUDENT&Oacute;W\",\"description\":\"Najlepszy Dom Studenta \u0141&oacute;d\u017a, Najlepsza Stancja w \u0141odzi, Tanie Pokoje na Wynajem w \u0141odzi \",\"publisher\":{\"@id\":\"https:\/\/mieszkaniestudenckie.info.pl\/#organization\"},\"potentialAction\":[{\"@type\":\"SearchAction\",\"target\":{\"@type\":\"EntryPoint\",\"urlTemplate\":\"https:\/\/mieszkaniestudenckie.info.pl\/?s={search_term_string}\"},\"query-input\":\"required name=search_term_string\"}],\"inLanguage\":\"pl-PL\"},{\"@type\":\"Organization\",\"@id\":\"https:\/\/mieszkaniestudenckie.info.pl\/#organization\",\"name\":\"AKADEMIK W CENTRUM \u0141ODZI! POKOJE DLA STUDENT&Oacute;W\",\"url\":\"https:\/\/mieszkaniestudenckie.info.pl\/\",\"logo\":{\"@type\":\"ImageObject\",\"inLanguage\":\"pl-PL\",\"@id\":\"https:\/\/mieszkaniestudenckie.info.pl\/#\/schema\/logo\/image\/\",\"url\":\"https:\/\/mieszkaniestudenckie.info.pl\/wp-content\/uploads\/2022\/09\/cropped-DOM-STUDENTA-W-CENTRUM-LODZI.png\",\"contentUrl\":\"https:\/\/mieszkaniestudenckie.info.pl\/wp-content\/uploads\/2022\/09\/cropped-DOM-STUDENTA-W-CENTRUM-LODZI.png\",\"width\":405,\"height\":250,\"caption\":\"AKADEMIK W CENTRUM \u0141ODZI! POKOJE DLA STUDENT&Oacute;W\"},\"image\":{\"@id\":\"https:\/\/mieszkaniestudenckie.info.pl\/#\/schema\/logo\/image\/\"}}]}<\/script>\n<!-- \/ Yoast SEO plugin. -->","yoast_head_json":{"title":"KONTAKT - AKADEMIK W CENTRUM \u0141ODZI! POKOJE DLA STUDENT&Oacute;W","robots":{"index":"index","follow":"follow","max-snippet":"max-snippet:-1","max-image-preview":"max-image-preview:large","max-video-preview":"max-video-preview:-1"},"canonical":"https:\/\/mieszkaniestudenckie.info.pl\/?page_id=90","og_locale":"pl_PL","og_type":"article","og_title":"KONTAKT - AKADEMIK W CENTRUM \u0141ODZI! POKOJE DLA STUDENT&Oacute;W","og_description":"Zapraszamy do kontaktu! REZERWACJEtelefon odbiera recepcja Hotelu Villa Masoneria, prosz\u0119 m\u00f3wi\u0107 \u017ce w sprawie pokoi studenckich tel. 505 373 603e-mail: tramwajowa11.info@gmail.com","og_url":"https:\/\/mieszkaniestudenckie.info.pl\/?page_id=90","og_site_name":"AKADEMIK W CENTRUM \u0141ODZI! POKOJE DLA STUDENT&Oacute;W","article_modified_time":"2022-11-25T09:42:16+00:00","og_image":[{"width":2000,"height":1333,"url":"https:\/\/mieszkaniestudenckie.info.pl\/wp-content\/uploads\/2022\/09\/KAWALERKA-W-CENTRUM-LODZI-BLISKO-DWORCA-LODZ-FABRYCZNA.jpg","type":"image\/jpeg"}],"twitter_card":"summary_large_image","twitter_misc":{"Szacowany czas czytania":"1 minuta"},"schema":{"@context":"https:\/\/schema.org","@graph":[{"@type":"WebPage","@id":"https:\/\/mieszkaniestudenckie.info.pl\/?page_id=90","url":"https:\/\/mieszkaniestudenckie.info.pl\/?page_id=90","name":"KONTAKT - AKADEMIK W CENTRUM \u0141ODZI! POKOJE DLA STUDENT&Oacute;W","isPartOf":{"@id":"https:\/\/mieszkaniestudenckie.info.pl\/#website"},"primaryImageOfPage":{"@id":"https:\/\/mieszkaniestudenckie.info.pl\/?page_id=90#primaryimage"},"image":{"@id":"https:\/\/mieszkaniestudenckie.info.pl\/?page_id=90#primaryimage"},"thumbnailUrl":"https:\/\/mieszkaniestudenckie.info.pl\/wp-content\/uploads\/2022\/09\/KAWALERKA-W-CENTRUM-LODZI-BLISKO-DWORCA-LODZ-FABRYCZNA.jpg","datePublished":"2022-07-27T19:56:42+00:00","dateModified":"2022-11-25T09:42:16+00:00","breadcrumb":{"@id":"https:\/\/mieszkaniestudenckie.info.pl\/?page_id=90#breadcrumb"},"inLanguage":"pl-PL","potentialAction":[{"@type":"ReadAction","target":["https:\/\/mieszkaniestudenckie.info.pl\/?page_id=90"]}]},{"@type":"ImageObject","inLanguage":"pl-PL","@id":"https:\/\/mieszkaniestudenckie.info.pl\/?page_id=90#primaryimage","url":"https:\/\/mieszkaniestudenckie.info.pl\/wp-content\/uploads\/2022\/09\/KAWALERKA-W-CENTRUM-LODZI-BLISKO-DWORCA-LODZ-FABRYCZNA.jpg","contentUrl":"https:\/\/mieszkaniestudenckie.info.pl\/wp-content\/uploads\/2022\/09\/KAWALERKA-W-CENTRUM-LODZI-BLISKO-DWORCA-LODZ-FABRYCZNA.jpg","width":2000,"height":1333},{"@type":"BreadcrumbList","@id":"https:\/\/mieszkaniestudenckie.info.pl\/?page_id=90#breadcrumb","itemListElement":[{"@type":"ListItem","position":1,"name":"Strona g\u0142\u00f3wna","item":"https:\/\/mieszkaniestudenckie.info.pl\/"},{"@type":"ListItem","position":2,"name":"KONTAKT"}]},{"@type":"WebSite","@id":"https:\/\/mieszkaniestudenckie.info.pl\/#website","url":"https:\/\/mieszkaniestudenckie.info.pl\/","name":"AKADEMIK W CENTRUM \u0141ODZI! POKOJE DLA STUDENT&Oacute;W","description":"Najlepszy Dom Studenta \u0141&oacute;d\u017a, Najlepsza Stancja w \u0141odzi, Tanie Pokoje na Wynajem w \u0141odzi ","publisher":{"@id":"https:\/\/mieszkaniestudenckie.info.pl\/#organization"},"potentialAction":[{"@type":"SearchAction","target":{"@type":"EntryPoint","urlTemplate":"https:\/\/mieszkaniestudenckie.info.pl\/?s={search_term_string}"},"query-input":"required name=search_term_string"}],"inLanguage":"pl-PL"},{"@type":"Organization","@id":"https:\/\/mieszkaniestudenckie.info.pl\/#organization","name":"AKADEMIK W CENTRUM \u0141ODZI! POKOJE DLA STUDENT&Oacute;W","url":"https:\/\/mieszkaniestudenckie.info.pl\/","logo":{"@type":"ImageObject","inLanguage":"pl-PL","@id":"https:\/\/mieszkaniestudenckie.info.pl\/#\/schema\/logo\/image\/","url":"https:\/\/mieszkaniestudenckie.info.pl\/wp-content\/uploads\/2022\/09\/cropped-DOM-STUDENTA-W-CENTRUM-LODZI.png","contentUrl":"https:\/\/mieszkaniestudenckie.info.pl\/wp-content\/uploads\/2022\/09\/cropped-DOM-STUDENTA-W-CENTRUM-LODZI.png","width":405,"height":250,"caption":"AKADEMIK W CENTRUM \u0141ODZI! POKOJE DLA STUDENT&Oacute;W"},"image":{"@id":"https:\/\/mieszkaniestudenckie.info.pl\/#\/schema\/logo\/image\/"}}]}},"_links":{"self":[{"href":"https:\/\/mieszkaniestudenckie.info.pl\/index.php?rest_route=\/wp\/v2\/pages\/90"}],"collection":[{"href":"https:\/\/mieszkaniestudenckie.info.pl\/index.php?rest_route=\/wp\/v2\/pages"}],"about":[{"href":"https:\/\/mieszkaniestudenckie.info.pl\/index.php?rest_route=\/wp\/v2\/types\/page"}],"author":[{"embeddable":true,"href":"https:\/\/mieszkaniestudenckie.info.pl\/index.php?rest_route=\/wp\/v2\/users\/1"}],"replies":[{"embeddable":true,"href":"https:\/\/mieszkaniestudenckie.info.pl\/index.php?rest_route=%2Fwp%2Fv2%2Fcomments&post=90"}],"version-history":[{"count":14,"href":"https:\/\/mieszkaniestudenckie.info.pl\/index.php?rest_route=\/wp\/v2\/pages\/90\/revisions"}],"predecessor-version":[{"id":319,"href":"https:\/\/mieszkaniestudenckie.info.pl\/index.php?rest_route=\/wp\/v2\/pages\/90\/revisions\/319"}],"wp:featuredmedia":[{"embeddable":true,"href":"https:\/\/mieszkaniestudenckie.info.pl\/index.php?rest_route=\/wp\/v2\/media\/262"}],"wp:attachment":[{"href":"https:\/\/mieszkaniestudenckie.info.pl\/index.php?rest_route=%2Fwp%2Fv2%2Fmedia&parent=90"}],"curies":[{"name":"wp","href":"https:\/\/api.w.org\/{rel}","templated":true}]}}